{"id":33,"date":"2020-03-27T13:38:20","date_gmt":"2020-03-27T12:38:20","guid":{"rendered":"http:\/\/www.poradcipce.cz\/?page_id=33"},"modified":"2020-04-03T15:00:48","modified_gmt":"2020-04-03T13:00:48","slug":"vzdelavaci-cinnost","status":"publish","type":"page","link":"https:\/\/www.poradcipce.cz\/index.php\/sluzby\/vzdelavaci-cinnost\/","title":{"rendered":"Vzd\u011bl\u00e1vac\u00ed \u010dinnost"},"content":{"rendered":"<h1>Vzd\u011bl\u00e1vac\u00ed \u010dinnost<\/h1>\n<p>Probl\u00e9my \u00fa\u010detn\u00ed, da\u0148ov\u00e9, ale i v oblasti mezd, souvisej\u00edc\u00ed i s \u010dast\u00fdmi zm\u011bnami v z\u00e1konech, si vy\u017eaduj\u00ed nutnost neust\u00e1l\u00e9ho vzd\u011bl\u00e1v\u00e1n\u00ed. Je z\u0159ejm\u00e9, \u017ee vzd\u011bl\u00e1vac\u00ed \u010dinnost velmi \u00fazce souvis\u00ed s ostatn\u00edmi slu\u017ebami, kter\u00e9 poskytujeme. Disponujeme kvalitn\u00edmi odborn\u00edky pro v\u0161echny provozovan\u00e9 \u010dinnosti, kte\u0159\u00ed jsou ochotni pod\u011blit se o sv\u00e9 znalosti a zku\u0161enosti. Semin\u00e1\u0159e nab\u00edz\u00edme pro men\u0161\u00ed skupiny na p\u0159edem dohodnut\u00e9 t\u00e9ma.<\/p>\n","protected":false},"excerpt":{"rendered":"<p>Vzd\u011bl\u00e1vac\u00ed \u010dinnost Probl\u00e9my \u00fa\u010detn\u00ed, da\u0148ov\u00e9, ale i v oblasti mezd, souvisej\u00edc\u00ed i s \u010dast\u00fdmi zm\u011bnami v z\u00e1konech, si vy\u017eaduj\u00ed nutnost neust\u00e1l\u00e9ho vzd\u011bl\u00e1v\u00e1n\u00ed. Je z\u0159ejm\u00e9, \u017ee vzd\u011bl\u00e1vac\u00ed \u010dinnost velmi \u00fazce souvis\u00ed s ostatn\u00edmi slu\u017ebami, kter\u00e9 poskytujeme. Disponujeme kvalitn\u00edmi odborn\u00edky pro v\u0161echny provozovan\u00e9 \u010dinnosti, kte\u0159\u00ed jsou ochotni pod\u011blit se o sv\u00e9 znalosti a zku\u0161enosti. Semin\u00e1\u0159e nab\u00edz\u00edme pro &#8230; <a title=\"Vzd\u011bl\u00e1vac\u00ed \u010dinnost\" class=\"read-more\" href=\"https:\/\/www.poradcipce.cz\/index.php\/sluzby\/vzdelavaci-cinnost\/\">Read more<\/a><\/p>\n","protected":false},"author":1,"featured_media":0,"parent":52,"menu_order":0,"comment_status":"closed","ping_status":"closed","template":"","meta":{"footnotes":""},"class_list":["post-33","page","type-page","status-publish"],"_links":{"self":[{"href":"https:\/\/www.poradcipce.cz\/index.php\/wp-json\/wp\/v2\/pages\/33","targetHints":{"allow":["GET"]}}],"collection":[{"href":"https:\/\/www.poradcipce.cz\/index.php\/wp-json\/wp\/v2\/pages"}],"about":[{"href":"https:\/\/www.poradcipce.cz\/index.php\/wp-json\/wp\/v2\/types\/page"}],"author":[{"embeddable":true,"href":"https:\/\/www.poradcipce.cz\/index.php\/wp-json\/wp\/v2\/users\/1"}],"replies":[{"embeddable":true,"href":"https:\/\/www.poradcipce.cz\/index.php\/wp-json\/wp\/v2\/comments?post=33"}],"version-history":[{"count":1,"href":"https:\/\/www.poradcipce.cz\/index.php\/wp-json\/wp\/v2\/pages\/33\/revisions"}],"predecessor-version":[{"id":34,"href":"https:\/\/www.poradcipce.cz\/index.php\/wp-json\/wp\/v2\/pages\/33\/revisions\/34"}],"up":[{"embeddable":true,"href":"https:\/\/www.poradcipce.cz\/index.php\/wp-json\/wp\/v2\/pages\/52"}],"wp:attachment":[{"href":"https:\/\/www.poradcipce.cz\/index.php\/wp-json\/wp\/v2\/media?parent=33"}],"curies":[{"name":"wp","href":"https:\/\/api.w.org\/{rel}","templated":true}]}}