{"id":29,"date":"2020-03-27T13:37:37","date_gmt":"2020-03-27T12:37:37","guid":{"rendered":"http:\/\/www.poradcipce.cz\/?page_id=29"},"modified":"2020-04-03T15:00:40","modified_gmt":"2020-04-03T13:00:40","slug":"vedeni-ucetnictvi","status":"publish","type":"page","link":"https:\/\/www.poradcipce.cz\/index.php\/sluzby\/vedeni-ucetnictvi\/","title":{"rendered":"Veden\u00ed \u00fa\u010detnictv\u00ed"},"content":{"rendered":"<h1>Veden\u00ed \u00fa\u010detnictv\u00ed<\/h1>\n<p>V sou\u010dasnosti doch\u00e1z\u00ed velmi \u010dasto k legislativn\u00edm \u00faprav\u00e1m z\u00e1kon\u016f, kter\u00e9 se ve sv\u00e9m d\u016fsledku podstatn\u011b dot\u00fdkaj\u00ed \u00fa\u010detn\u00ed problematiky. Z tohoto d\u016fvodu je vy\u017eadov\u00e1na st\u00e1le vy\u0161\u0161\u00ed kvalifikace \u00fa\u010detn\u00edch odborn\u00edk\u016f, kterou lze mnohdy t\u011b\u017eko zajistit v p\u0159\u00edpad\u011b veden\u00ed \u00fa\u010detnictv\u00ed vlastn\u00edmi pracovn\u00edky.<\/p>\n<p>P\u0159i veden\u00ed \u00fa\u010detnictv\u00ed nab\u00edz\u00ed na\u0161e firma klient\u016fm veden\u00ed \u00fa\u010detn\u00ed agendy od p\u0159evzet\u00ed prvotn\u00edch \u00fa\u010detn\u00edch doklad\u016f ke zpracov\u00e1n\u00ed v\u00fdstupn\u00edch informac\u00ed v podob\u011b \u00fa\u010detn\u00edch v\u00fdkaz\u016f a da\u0148ov\u00fdch p\u0159izn\u00e1n\u00ed. Na\u0161i zam\u011bstnanci \u0159e\u0161\u00ed i slo\u017eit\u00e9 \u00fa\u010detn\u00ed a da\u0148ov\u00e9 probl\u00e9my ve spolupr\u00e1ci s auditory a extern\u00edmi poradci. Z\u00e1rove\u0148 ru\u010d\u00ed za sankce dom\u011b\u0159en\u00e9 finan\u010dn\u00edmi \u00fa\u0159ady i za p\u0159\u00edsn\u00e9 utajen\u00ed informac\u00ed zji\u0161t\u011bn\u00fdch p\u0159i veden\u00ed \u00fa\u010detnictv\u00ed. Z\u00e1ruky m\u00e1me kryty poji\u0161t\u011bn\u00edm odpov\u011bdnosti za zp\u016fsoben\u00e9 \u0161kody.<\/p>\n<h2>Z\u00e1kladn\u00edmi nab\u00edzen\u00fdmi slu\u017ebami jsou:<\/h2>\n<ul>\n<li>zpracov\u00e1n\u00ed \u00fa\u010detn\u00edch doklad\u016f<\/li>\n<li>sestaven\u00ed \u00fa\u010detn\u00ed z\u00e1v\u011brky<\/li>\n<li>vyhotoven\u00ed \u00fa\u010detn\u00edch v\u00fdkaz\u016f v\u010detn\u011b p\u0159\u00edlohy k \u00fa\u010detn\u00ed z\u00e1v\u011brce<\/li>\n<li>zpracov\u00e1n\u00ed da\u0148ov\u00fdch p\u0159izn\u00e1n\u00ed k DPH a dani z p\u0159\u00edjm\u016f<\/li>\n<li>v\u00fdpo\u010det odpis\u016f, veden\u00ed pokladny, veden\u00ed skladov\u00e9 evidence<\/li>\n<li>v\u00fdpo\u010det a zpracov\u00e1n\u00ed p\u0159izn\u00e1n\u00ed k jin\u00fdm dan\u00edm v\u010d. dodate\u010dn\u00fdch da\u0148ov\u00fdch p\u0159izn\u00e1n\u00ed<\/li>\n<li>rekonstrukce \u00fa\u010detnictv\u00ed<\/li>\n<\/ul>\n","protected":false},"excerpt":{"rendered":"<p>Veden\u00ed \u00fa\u010detnictv\u00ed V sou\u010dasnosti doch\u00e1z\u00ed velmi \u010dasto k legislativn\u00edm \u00faprav\u00e1m z\u00e1kon\u016f, kter\u00e9 se ve sv\u00e9m d\u016fsledku podstatn\u011b dot\u00fdkaj\u00ed \u00fa\u010detn\u00ed problematiky. Z tohoto d\u016fvodu je vy\u017eadov\u00e1na st\u00e1le vy\u0161\u0161\u00ed kvalifikace \u00fa\u010detn\u00edch odborn\u00edk\u016f, kterou lze mnohdy t\u011b\u017eko zajistit v p\u0159\u00edpad\u011b veden\u00ed \u00fa\u010detnictv\u00ed vlastn\u00edmi pracovn\u00edky. P\u0159i veden\u00ed \u00fa\u010detnictv\u00ed nab\u00edz\u00ed na\u0161e firma klient\u016fm veden\u00ed \u00fa\u010detn\u00ed agendy od p\u0159evzet\u00ed prvotn\u00edch \u00fa\u010detn\u00edch &#8230; <a title=\"Veden\u00ed \u00fa\u010detnictv\u00ed\" class=\"read-more\" href=\"https:\/\/www.poradcipce.cz\/index.php\/sluzby\/vedeni-ucetnictvi\/\">Read more<\/a><\/p>\n","protected":false},"author":1,"featured_media":0,"parent":52,"menu_order":0,"comment_status":"closed","ping_status":"closed","template":"","meta":{"footnotes":""},"class_list":["post-29","page","type-page","status-publish"],"_links":{"self":[{"href":"https:\/\/www.poradcipce.cz\/index.php\/wp-json\/wp\/v2\/pages\/29","targetHints":{"allow":["GET"]}}],"collection":[{"href":"https:\/\/www.poradcipce.cz\/index.php\/wp-json\/wp\/v2\/pages"}],"about":[{"href":"https:\/\/www.poradcipce.cz\/index.php\/wp-json\/wp\/v2\/types\/page"}],"author":[{"embeddable":true,"href":"https:\/\/www.poradcipce.cz\/index.php\/wp-json\/wp\/v2\/users\/1"}],"replies":[{"embeddable":true,"href":"https:\/\/www.poradcipce.cz\/index.php\/wp-json\/wp\/v2\/comments?post=29"}],"version-history":[{"count":1,"href":"https:\/\/www.poradcipce.cz\/index.php\/wp-json\/wp\/v2\/pages\/29\/revisions"}],"predecessor-version":[{"id":30,"href":"https:\/\/www.poradcipce.cz\/index.php\/wp-json\/wp\/v2\/pages\/29\/revisions\/30"}],"up":[{"embeddable":true,"href":"https:\/\/www.poradcipce.cz\/index.php\/wp-json\/wp\/v2\/pages\/52"}],"wp:attachment":[{"href":"https:\/\/www.poradcipce.cz\/index.php\/wp-json\/wp\/v2\/media?parent=29"}],"curies":[{"name":"wp","href":"https:\/\/api.w.org\/{rel}","templated":true}]}}