{"id":10,"date":"2020-03-27T09:57:32","date_gmt":"2020-03-27T08:57:32","guid":{"rendered":"http:\/\/www.poradcipce.cz\/?page_id=10"},"modified":"2020-04-03T15:58:52","modified_gmt":"2020-04-03T13:58:52","slug":"uvodni-strana","status":"publish","type":"page","link":"https:\/\/www.poradcipce.cz\/","title":{"rendered":"\u00davodn\u00ed strana"},"content":{"rendered":"\t\t<div data-elementor-type=\"wp-page\" data-elementor-id=\"10\" class=\"elementor elementor-10\">\n\t\t\t\t\t\t<section class=\"elementor-section elementor-top-section elementor-element elementor-element-4db0 elementor-section-boxed elementor-section-height-default elementor-section-height-default\" data-id=\"4db0\" data-element_type=\"section\">\n\t\t\t\t\t\t<div class=\"elementor-container elementor-column-gap-default\">\n\t\t\t\t\t<div class=\"elementor-column elementor-col-100 elementor-top-column elementor-element elementor-element-47cd\" data-id=\"47cd\" data-element_type=\"column\">\n\t\t\t<div class=\"elementor-widget-wrap elementor-element-populated\">\n\t\t\t\t\t\t<div class=\"elementor-element elementor-element-247174d elementor-widget elementor-widget-heading\" data-id=\"247174d\" data-element_type=\"widget\" data-widget_type=\"heading.default\">\n\t\t\t\t<div class=\"elementor-widget-container\">\n\t\t\t<h1 class=\"elementor-heading-title elementor-size-default\">P\u0159edstaven\u00ed spole\u010dnosti<\/h1>\t\t<\/div>\n\t\t\t\t<\/div>\n\t\t\t\t<div class=\"elementor-element elementor-element-4b1eae5 elementor-widget-divider--view-line elementor-widget elementor-widget-divider\" data-id=\"4b1eae5\" data-element_type=\"widget\" data-widget_type=\"divider.default\">\n\t\t\t\t<div class=\"elementor-widget-container\">\n\t\t\t\t\t<div class=\"elementor-divider\">\n\t\t\t<span class=\"elementor-divider-separator\">\n\t\t\t\t\t\t<\/span>\n\t\t<\/div>\n\t\t\t\t<\/div>\n\t\t\t\t<\/div>\n\t\t\t\t<div class=\"elementor-element elementor-element-1d03 elementor-widget elementor-widget-text-editor\" data-id=\"1d03\" data-element_type=\"widget\" data-widget_type=\"text-editor.default\">\n\t\t\t\t<div class=\"elementor-widget-container\">\n\t\t\t\t\t\t\t<p>\u00a0<strong>V\u00e1\u017een\u00e9 d\u00e1my a p\u00e1nov\u00e9<\/strong>,<\/p><p>r\u00e1di bychom V\u00e1s bl\u00ed\u017ee sezn\u00e1mili se slu\u017ebami poskytovan\u00fdmi Poradenskou spole\u010dnost\u00ed Pardubice, s.r.o. Spole\u010dnost byla zalo\u017eena v kv\u011btnu 2005. B\u011bhem sv\u00e9ho p\u016fsoben\u00ed si dok\u00e1zala z\u00edskat i udr\u017eet \u0159adu v\u00fdznamn\u00fdch klient\u016f. Poradensk\u00e1 spole\u010dnost s\u00eddl\u00ed v Tolarov\u011b ulici v Pardubic\u00edch.<\/p><h2>Poskytujeme zejm\u00e9na tyto slu\u017eby<\/h2><ul><li>\u00fa\u010detn\u00ed a da\u0148ov\u00e9 poradenstv\u00ed v\u010detn\u011b pr\u00e1vn\u00edho<\/li><li>zpracov\u00e1n\u00ed da\u0148ov\u00fdch p\u0159izn\u00e1n\u00ed v\u0161ech druh\u016f<\/li><li>zpracov\u00e1n\u00ed mezd a person\u00e1ln\u00ed agendy<\/li><li>veden\u00ed \u00fa\u010detnictv\u00ed na zak\u00e1zku<\/li><\/ul><p>Poradenstv\u00ed je poskytov\u00e1no tak\u00e9 v souvislosti se zakl\u00e1d\u00e1n\u00edm, p\u0159em\u011bnami, f\u00fazemi a likvidac\u00ed obchodn\u00edch spole\u010dnost\u00ed a tak\u00e9 neziskov\u00fdch subjekt\u016f, v\u010detn\u011b operac\u00ed s podnikem. Tyto slu\u017eby poskytujeme tak\u00e9 pro m\u011bsta a jimi zakl\u00e1dan\u00e9 \u010di z\u0159izovan\u00e9 subjekty a pro nest\u00e1tn\u00ed neziskov\u00e9 organizace. Profesn\u00ed kvalitu pracovn\u00ed zaru\u010duj\u00ed nejen dlouholet\u00e9 zku\u0161enosti z\u00edskan\u00e9 \u0159e\u0161en\u00edm slo\u017eit\u00fdch probl\u00e9m\u016f s v\u011bdomostmi z\u00edskan\u00fdmi b\u011bhem vysoko\u0161kolsk\u00e9ho studia a dal\u0161\u00edho vzd\u011bl\u00e1v\u00e1n\u00ed, ale i st\u00e1l\u00e1 spolupr\u00e1ce s da\u0148ov\u00fdmi poradci, pr\u00e1vn\u00edky a auditory.<\/p><p>Sv\u00e9 slu\u017eby nab\u00edz\u00edme i V\u00e1m, v p\u0159\u00edpad\u011b z\u00e1jmu n\u00e1s pros\u00edm kontaktujte.<\/p>\t\t\t\t\t\t<\/div>\n\t\t\t\t<\/div>\n\t\t\t\t\t<\/div>\n\t\t<\/div>\n\t\t\t\t\t<\/div>\n\t\t<\/section>\n\t\t\t\t<\/div>\n\t\t","protected":false},"excerpt":{"rendered":"<p>P\u0159edstaven\u00ed spole\u010dnosti \u00a0V\u00e1\u017een\u00e9 d\u00e1my a p\u00e1nov\u00e9, r\u00e1di bychom V\u00e1s bl\u00ed\u017ee sezn\u00e1mili se slu\u017ebami poskytovan\u00fdmi Poradenskou spole\u010dnost\u00ed Pardubice, s.r.o. Spole\u010dnost byla zalo\u017eena v kv\u011btnu 2005. B\u011bhem sv\u00e9ho p\u016fsoben\u00ed si dok\u00e1zala z\u00edskat i udr\u017eet \u0159adu v\u00fdznamn\u00fdch klient\u016f. Poradensk\u00e1 spole\u010dnost s\u00eddl\u00ed v Tolarov\u011b ulici v Pardubic\u00edch. Poskytujeme zejm\u00e9na tyto slu\u017eby \u00fa\u010detn\u00ed a da\u0148ov\u00e9 poradenstv\u00ed v\u010detn\u011b pr\u00e1vn\u00edho zpracov\u00e1n\u00ed da\u0148ov\u00fdch &#8230; <a title=\"\u00davodn\u00ed strana\" class=\"read-more\" href=\"https:\/\/www.poradcipce.cz\/\">Read more<\/a><\/p>\n","protected":false},"author":1,"featured_media":0,"parent":0,"menu_order":0,"comment_status":"closed","ping_status":"closed","template":"","meta":{"footnotes":""},"class_list":["post-10","page","type-page","status-publish"],"_links":{"self":[{"href":"https:\/\/www.poradcipce.cz\/index.php\/wp-json\/wp\/v2\/pages\/10","targetHints":{"allow":["GET"]}}],"collection":[{"href":"https:\/\/www.poradcipce.cz\/index.php\/wp-json\/wp\/v2\/pages"}],"about":[{"href":"https:\/\/www.poradcipce.cz\/index.php\/wp-json\/wp\/v2\/types\/page"}],"author":[{"embeddable":true,"href":"https:\/\/www.poradcipce.cz\/index.php\/wp-json\/wp\/v2\/users\/1"}],"replies":[{"embeddable":true,"href":"https:\/\/www.poradcipce.cz\/index.php\/wp-json\/wp\/v2\/comments?post=10"}],"version-history":[{"count":3,"href":"https:\/\/www.poradcipce.cz\/index.php\/wp-json\/wp\/v2\/pages\/10\/revisions"}],"predecessor-version":[{"id":75,"href":"https:\/\/www.poradcipce.cz\/index.php\/wp-json\/wp\/v2\/pages\/10\/revisions\/75"}],"wp:attachment":[{"href":"https:\/\/www.poradcipce.cz\/index.php\/wp-json\/wp\/v2\/media?parent=10"}],"curies":[{"name":"wp","href":"https:\/\/api.w.org\/{rel}","templated":true}]}}